{"id":74,"date":"2022-11-11T13:47:01","date_gmt":"2022-11-11T12:47:01","guid":{"rendered":"http:\/\/cgtspectaclebretagne.fr\/?page_id=74"},"modified":"2024-07-11T12:05:45","modified_gmt":"2024-07-11T10:05:45","slug":"adherer","status":"publish","type":"page","link":"https:\/\/cgtspectaclebretagne.fr\/?page_id=74","title":{"rendered":"Adh\u00e9rer"},"content":{"rendered":"\n<p>\u00c0 chaque m\u00e9tier son syndicat !<\/p>\n\n\n\n<figure class=\"wp-block-table is-style-regular has-small-font-size\"><table class=\"has-black-color has-text-color has-link-color has-border-color has-secondary-border-color has-fixed-layout\" style=\"border-width:2px\"><thead><tr><th>Vous \u00eates :<\/th><th>Vous pouvez :<\/th><\/tr><\/thead><tbody><tr><td>Artiste dramatique, chor\u00e9graphique, lyrique, de vari\u00e9t\u00e9, de cirque, marionnettiste ou artiste traditionnel<\/td><td><a href=\"https:\/\/sfa-cgt.fr\/adherer-13\">adh\u00e9rer au SFA<\/a><\/td><\/tr><tr><td>Technicien\u22c5ne, agent\u22c5e d&rsquo;accueil ou administratif\u22c5ve (permanent\u22c5e ou intermittent\u22c5e) dans une salle de spectacle, une entreprise du spectacle, un parc de loisirs<\/td><td><a href=\"https:\/\/synptac-cgt.com\/adherer\/\">adh\u00e9rer au SYNPTAC<\/a><\/td><\/tr><tr><td>Musicien\u22c5ne interpr\u00e8te et\/ou enseignant\u22c5e (permanent\u22c5e ou intermittent\u22c5e) r\u00e9sidant en R\u00e9gion Bretagne<\/td><td><a href=\"http:\/\/cgtspectaclebretagne.fr\/?page_id=77\" data-type=\"page\" data-id=\"77\">adh\u00e9rer au SBAM<\/a><\/td><\/tr><tr><td>Artiste plasticien\u22c5ne<\/td><td><a href=\"https:\/\/www.snapcgt.org\/adhesion\">adh\u00e9rer au SNAP<\/a><\/td><\/tr><tr><td><\/td><td><\/td><\/tr><\/tbody><\/table><\/figure>\n","protected":false},"excerpt":{"rendered":"<p>\u00c0 chaque m\u00e9tier son syndicat ! Vous \u00eates : Vous pouvez : Artiste dramatique, chor\u00e9graphique, lyrique, de vari\u00e9t\u00e9, de cirque, marionnettiste ou artiste traditionnel adh\u00e9rer [&#8230;]<\/p>\n","protected":false},"author":1,"featured_media":0,"parent":0,"menu_order":0,"comment_status":"closed","ping_status":"closed","template":"","meta":{"footnotes":""},"class_list":["post-74","page","type-page","status-publish","hentry"],"_links":{"self":[{"href":"https:\/\/cgtspectaclebretagne.fr\/index.php?rest_route=\/wp\/v2\/pages\/74","targetHints":{"allow":["GET"]}}],"collection":[{"href":"https:\/\/cgtspectaclebretagne.fr\/index.php?rest_route=\/wp\/v2\/pages"}],"about":[{"href":"https:\/\/cgtspectaclebretagne.fr\/index.php?rest_route=\/wp\/v2\/types\/page"}],"author":[{"embeddable":true,"href":"https:\/\/cgtspectaclebretagne.fr\/index.php?rest_route=\/wp\/v2\/users\/1"}],"replies":[{"embeddable":true,"href":"https:\/\/cgtspectaclebretagne.fr\/index.php?rest_route=%2Fwp%2Fv2%2Fcomments&post=74"}],"version-history":[{"count":8,"href":"https:\/\/cgtspectaclebretagne.fr\/index.php?rest_route=\/wp\/v2\/pages\/74\/revisions"}],"predecessor-version":[{"id":147,"href":"https:\/\/cgtspectaclebretagne.fr\/index.php?rest_route=\/wp\/v2\/pages\/74\/revisions\/147"}],"wp:attachment":[{"href":"https:\/\/cgtspectaclebretagne.fr\/index.php?rest_route=%2Fwp%2Fv2%2Fmedia&parent=74"}],"curies":[{"name":"wp","href":"https:\/\/api.w.org\/{rel}","templated":true}]}}