{"id":40,"date":"2022-05-27T15:50:44","date_gmt":"2022-05-27T13:50:44","guid":{"rendered":"http:\/\/cgtspectaclebretagne.fr\/?page_id=40"},"modified":"2022-11-11T19:23:24","modified_gmt":"2022-11-11T18:23:24","slug":"synptac","status":"publish","type":"page","link":"https:\/\/cgtspectaclebretagne.fr\/?page_id=40","title":{"rendered":"SYNPTAC"},"content":{"rendered":"\n<div class=\"wp-block-group is-layout-flow wp-block-group-is-layout-flow\">\n<div class=\"wp-block-media-text alignwide is-stacked-on-mobile\" style=\"grid-template-columns:22% auto\"><figure class=\"wp-block-media-text__media\"><img loading=\"lazy\" decoding=\"async\" width=\"200\" height=\"169\" src=\"http:\/\/cgtspectaclebretagne.fr\/wp-content\/uploads\/2022\/05\/logo_synptac.jpg\" alt=\"\" class=\"wp-image-50 size-full\"\/><\/figure><div class=\"wp-block-media-text__content\">\n<p class=\"has-small-font-size\">Le <a href=\"https:\/\/synptac-cgt.com\/\">SYNPTAC<\/a> est le syndicat des personnels techniques, administratifs et d\u2019accueil du Th\u00e9\u00e2tre et des Activit\u00e9s Culturelles.<\/p>\n<\/div><\/div>\n<\/div>\n\n\n\n<p>Le SYNPTAC-CGT est \u00e0 l\u2019initiative de la r\u00e9alisation de toutes les conventions collectives du spectacle vivant dont 3 sont, d\u00e9sormais, \u00e9tendues par d\u00e9cret minist\u00e9riel. C\u2019est-\u00e0-dire applicables \u00e0 toutes les structures qui rel\u00e8vent de ces secteurs. Le SYNPTAC est \u00e9galement \u00e0 l\u2019origine de toutes les structures sociales particuli\u00e8res de nos secteurs (caisses de retraite compl\u00e9mentaire,&nbsp;AUDIENS&nbsp;, AFDAS , CFPTS , FNAS, CASC-SVP, Fonds de soutien, etc\u2026)<\/p>\n\n\n\n<h2 class=\"wp-block-heading\">Se syndiquer :<\/h2>\n\n\n\n<p>L&rsquo;adh\u00e9sion au SYNPTAC se fait via <a href=\"https:\/\/synptac-cgt.com\/adherer\/\">cette page<\/a>.<\/p>\n","protected":false},"excerpt":{"rendered":"<p>Le SYNPTAC est le syndicat des personnels techniques, administratifs et d\u2019accueil du Th\u00e9\u00e2tre et des Activit\u00e9s Culturelles. Le SYNPTAC-CGT est \u00e0 l\u2019initiative de la r\u00e9alisation [&#8230;]<\/p>\n","protected":false},"author":1,"featured_media":0,"parent":22,"menu_order":3,"comment_status":"closed","ping_status":"closed","template":"","meta":{"footnotes":""},"class_list":["post-40","page","type-page","status-publish","hentry"],"_links":{"self":[{"href":"https:\/\/cgtspectaclebretagne.fr\/index.php?rest_route=\/wp\/v2\/pages\/40","targetHints":{"allow":["GET"]}}],"collection":[{"href":"https:\/\/cgtspectaclebretagne.fr\/index.php?rest_route=\/wp\/v2\/pages"}],"about":[{"href":"https:\/\/cgtspectaclebretagne.fr\/index.php?rest_route=\/wp\/v2\/types\/page"}],"author":[{"embeddable":true,"href":"https:\/\/cgtspectaclebretagne.fr\/index.php?rest_route=\/wp\/v2\/users\/1"}],"replies":[{"embeddable":true,"href":"https:\/\/cgtspectaclebretagne.fr\/index.php?rest_route=%2Fwp%2Fv2%2Fcomments&post=40"}],"version-history":[{"count":6,"href":"https:\/\/cgtspectaclebretagne.fr\/index.php?rest_route=\/wp\/v2\/pages\/40\/revisions"}],"predecessor-version":[{"id":120,"href":"https:\/\/cgtspectaclebretagne.fr\/index.php?rest_route=\/wp\/v2\/pages\/40\/revisions\/120"}],"up":[{"embeddable":true,"href":"https:\/\/cgtspectaclebretagne.fr\/index.php?rest_route=\/wp\/v2\/pages\/22"}],"wp:attachment":[{"href":"https:\/\/cgtspectaclebretagne.fr\/index.php?rest_route=%2Fwp%2Fv2%2Fmedia&parent=40"}],"curies":[{"name":"wp","href":"https:\/\/api.w.org\/{rel}","templated":true}]}}