{"id":12,"date":"2022-05-27T12:52:55","date_gmt":"2022-05-27T10:52:55","guid":{"rendered":"http:\/\/cgtspectaclebretagne.fr\/?page_id=12"},"modified":"2024-12-03T10:31:34","modified_gmt":"2024-12-03T09:31:34","slug":"sbam","status":"publish","type":"page","link":"https:\/\/cgtspectaclebretagne.fr\/?page_id=12","title":{"rendered":"SBAM"},"content":{"rendered":"\n<div class=\"wp-block-group is-layout-flow wp-block-group-is-layout-flow\">\n<div class=\"wp-block-media-text alignwide is-stacked-on-mobile\" style=\"grid-template-columns:24% auto\"><figure class=\"wp-block-media-text__media\"><img loading=\"lazy\" decoding=\"async\" width=\"1024\" height=\"1024\" src=\"http:\/\/cgtspectaclebretagne.fr\/wp-content\/uploads\/2022\/05\/Logo-sbam_alpha-1024x1024.png\" alt=\"\" class=\"wp-image-44 size-full\" srcset=\"https:\/\/cgtspectaclebretagne.fr\/wp-content\/uploads\/2022\/05\/Logo-sbam_alpha-1024x1024.png 1024w, https:\/\/cgtspectaclebretagne.fr\/wp-content\/uploads\/2022\/05\/Logo-sbam_alpha-300x300.png 300w, https:\/\/cgtspectaclebretagne.fr\/wp-content\/uploads\/2022\/05\/Logo-sbam_alpha-150x150.png 150w, https:\/\/cgtspectaclebretagne.fr\/wp-content\/uploads\/2022\/05\/Logo-sbam_alpha-768x769.png 768w, https:\/\/cgtspectaclebretagne.fr\/wp-content\/uploads\/2022\/05\/Logo-sbam_alpha-1534x1536.png 1534w, https:\/\/cgtspectaclebretagne.fr\/wp-content\/uploads\/2022\/05\/Logo-sbam_alpha-1800x1802.png 1800w, https:\/\/cgtspectaclebretagne.fr\/wp-content\/uploads\/2022\/05\/Logo-sbam_alpha-900x900.png 900w\" sizes=\"auto, (max-width: 1024px) 100vw, 1024px\" \/><\/figure><div class=\"wp-block-media-text__content\">\n<p class=\"has-small-font-size\">Le Syndicat de Bretagne des Artistes Musiciennes et musiciens CGT regroupe les musiciennes et musiciens quelle que soit la mani\u00e8re dont elles et ils exercent leur m\u00e9tier, c\u2019est-\u00e0-dire qu\u2019elles et ils aient majoritairement une activit\u00e9 d\u2019interpr\u00e8te ou d\u2019enseignant\u22c5e et, de la m\u00eame fa\u00e7on, qu\u2019elles et ils rel\u00e8vent de l\u2019emploi permanent ou de l&rsquo;intermittence du spectacle.<\/p>\n<\/div><\/div>\n<\/div>\n\n\n\n<p>C&rsquo;est un syndicat r\u00e9gional, affili\u00e9 \u00e0 l&rsquo;<a rel=\"noreferrer noopener\" href=\"https:\/\/www.snam-cgt.org\" target=\"_blank\">Union Nationale des Syndicats d&rsquo;Artistes Musiciens de France CGT<\/a> (ou SNAM-CGT).<\/p>\n\n\n\n<h3 class=\"wp-block-heading\">Contacts :<\/h3>\n\n\n\n<ul class=\"wp-block-list\">\n<li>Courriel : <a href=\"mailto:sbamcgt@yahoo.fr\">sbamcgt@yahoo.fr<\/a><\/li>\n\n\n\n<li>Adresse postale : 31 boulevard du Portugal &#8211; CS 90837 \u2013 35208 RENNES CEDEX 2<\/li>\n\n\n\n<li>T\u00e9l\u00e9phone : 06 88 31 34 39<\/li>\n<\/ul>\n\n\n\n<h3 class=\"wp-block-heading\">Se syndiquer :<\/h3>\n\n\n\n<p>L&rsquo;adh\u00e9sion au SBAM se fait en remplissant <a href=\"http:\/\/cgtspectaclebretagne.fr\/?page_id=77\" data-type=\"page\" data-id=\"77\">ce formulaire<\/a>.<\/p>\n\n\n\n<p><\/p>\n\n\n\n<p><\/p>\n","protected":false},"excerpt":{"rendered":"<p>Le Syndicat de Bretagne des Artistes Musiciennes et musiciens CGT regroupe les musiciennes et musiciens quelle que soit la mani\u00e8re dont elles et ils exercent [&#8230;]<\/p>\n","protected":false},"author":1,"featured_media":0,"parent":22,"menu_order":1,"comment_status":"closed","ping_status":"closed","template":"","meta":{"footnotes":""},"class_list":["post-12","page","type-page","status-publish","hentry"],"_links":{"self":[{"href":"https:\/\/cgtspectaclebretagne.fr\/index.php?rest_route=\/wp\/v2\/pages\/12","targetHints":{"allow":["GET"]}}],"collection":[{"href":"https:\/\/cgtspectaclebretagne.fr\/index.php?rest_route=\/wp\/v2\/pages"}],"about":[{"href":"https:\/\/cgtspectaclebretagne.fr\/index.php?rest_route=\/wp\/v2\/types\/page"}],"author":[{"embeddable":true,"href":"https:\/\/cgtspectaclebretagne.fr\/index.php?rest_route=\/wp\/v2\/users\/1"}],"replies":[{"embeddable":true,"href":"https:\/\/cgtspectaclebretagne.fr\/index.php?rest_route=%2Fwp%2Fv2%2Fcomments&post=12"}],"version-history":[{"count":11,"href":"https:\/\/cgtspectaclebretagne.fr\/index.php?rest_route=\/wp\/v2\/pages\/12\/revisions"}],"predecessor-version":[{"id":163,"href":"https:\/\/cgtspectaclebretagne.fr\/index.php?rest_route=\/wp\/v2\/pages\/12\/revisions\/163"}],"up":[{"embeddable":true,"href":"https:\/\/cgtspectaclebretagne.fr\/index.php?rest_route=\/wp\/v2\/pages\/22"}],"wp:attachment":[{"href":"https:\/\/cgtspectaclebretagne.fr\/index.php?rest_route=%2Fwp%2Fv2%2Fmedia&parent=12"}],"curies":[{"name":"wp","href":"https:\/\/api.w.org\/{rel}","templated":true}]}}